{"id":6540,"date":"2025-11-05T09:00:42","date_gmt":"2025-11-05T09:00:42","guid":{"rendered":"https:\/\/omannationbrand.com\/?page_id=6540"},"modified":"2025-12-03T16:27:47","modified_gmt":"2025-12-03T16:27:47","slug":"news","status":"publish","type":"page","link":"https:\/\/abo.ao\/en\/news\/","title":{"rendered":"News"},"content":{"rendered":"\t\t<div data-elementor-type=\"wp-page\" data-elementor-id=\"6540\" class=\"elementor elementor-6540\" data-elementor-post-type=\"page\">\n\t\t\t\t\r\n<div class=\"elementor-element elementor-element-6db51d5 e-con-full elementor-hidden-widescreen elementor-hidden-desktop elementor-hidden-laptop e-flex e-con e-parent\" data-id=\"6db51d5\" data-element_type=\"container\" data-settings=\"{&quot;background_background&quot;:&quot;video&quot;}\">\n\t\t<div class=\"elementor-element elementor-element-c623550 e-con-full e-flex e-con e-child\" data-id=\"c623550\" data-element_type=\"container\" data-settings=\"{&quot;background_background&quot;:&quot;video&quot;,&quot;background_play_on_mobile&quot;:&quot;yes&quot;,&quot;background_privacy_mode&quot;:&quot;yes&quot;,&quot;background_video_link&quot;:&quot;\\\/wp-content\\\/uploads\\\/2025\\\/11\\\/mobile1.mp4&quot;}\">\n\t\t<div class=\"elementor-background-video-container\" aria-hidden=\"true\">\n\t\t\t\t\t\t\t<video class=\"elementor-background-video-hosted\" autoplay muted playsinline loop><\/video>\n\t\t\t\t\t<\/div>\t\t<div class=\"elementor-element elementor-element-3e39e12 elementor-widget elementor-widget-wpml-language-switcher\" data-id=\"3e39e12\" data-element_type=\"widget\" data-widget_type=\"wpml-language-switcher.default\">\n\t\t\t\t<div class=\"elementor-widget-container\">\n\t\t\t\t\t<div class=\"wpml-elementor-ls\">\n<div class=\"wpml-ls-statics-shortcode_actions wpml-ls wpml-ls-legacy-list-horizontal\">\n\t<ul role=\"menu\"><li class=\"wpml-ls-slot-shortcode_actions wpml-ls-item wpml-ls-item-pt-pt wpml-ls-first-item wpml-ls-last-item wpml-ls-item-legacy-list-horizontal\" role=\"none\">\n\t\t\t\t<a href=\"https:\/\/abo.ao\/\" class=\"wpml-ls-link\" role=\"menuitem\"  aria-label=\"Switch to Portuguese\" title=\"Switch to Portuguese\" >\n                                                        <img decoding=\"async\"\n            class=\"wpml-ls-flag\"\n            src=\"https:\/\/abo.ao\/wp-content\/plugins\/sitepress-multilingual-cms\/res\/flags\/pt-pt.svg\"\n            alt=\"Portuguese\"\n            width=40\n            height=40\n    \/><\/a>\n\t\t\t<\/li><\/ul>\n<\/div>\n<\/div>\t\t\t\t<\/div>\n\t\t\t\t<\/div>\n\t\t\t\t<div class=\"elementor-element elementor-element-3fbb998 elementor-widget elementor-widget-pp-breadcrumbs\" data-id=\"3fbb998\" data-element_type=\"widget\" data-settings=\"{&quot;breadcrumbs_type&quot;:&quot;powerpack&quot;}\" data-widget_type=\"pp-breadcrumbs.default\">\n\t\t\t\t\t<ul class=\"pp-breadcrumbs pp-breadcrumbs-powerpack\">\t\t<li class=\"pp-breadcrumbs-item pp-breadcrumbs-item-home\">\n\t\t\t<a class=\"pp-breadcrumbs-crumb pp-breadcrumbs-crumb-link pp-breadcrumbs-crumb-home\" href=\"https:\/\/abo.ao\/en\/\" title=\"Home\">\n\t\t\t\t<span class=\"pp-breadcrumbs-text\">\n\t\t\t\t\t\t\t\t\t\t\t<span class=\"pp-icon\">\n\t\t\t\t\t\t\t<i aria-hidden=\"true\" class=\"fas fa-home\"><\/i>\t\t\t\t\t\t<\/span>\n\t\t\t\t\t\t\t\t\t\tHome\t\t\t\t<\/span>\n\t\t\t<\/a>\n\t\t<\/li>\n\t\t<li class=\"pp-breadcrumbs-separator\">\t\t\t\t<span class='pp-separator-icon pp-icon'>\n\t\t\t\t\t<i aria-hidden=\"true\" class=\"fas fa-angle-right\"><\/i>\t\t\t\t<\/span>\n\t\t\t\t<\/li><\/ul>\t\t\t\t<\/div>\n\t\t<div class=\"elementor-element elementor-element-64f4bcc e-con-full e-flex e-con e-child\" data-id=\"64f4bcc\" data-element_type=\"container\">\n\t\t\t\t<div class=\"elementor-element elementor-element-0b3ab4a elementor-widget elementor-widget-heading\" data-id=\"0b3ab4a\" data-element_type=\"widget\" data-widget_type=\"heading.default\">\n\t\t\t\t\t<h2 class=\"elementor-heading-title elementor-size-default\">News<\/h2>\t\t\t\t<\/div>\n\t\t\t\t<div class=\"elementor-element elementor-element-23731c9 elementor-widget elementor-widget-spacer\" data-id=\"23731c9\" data-element_type=\"widget\" data-widget_type=\"spacer.default\">\n\t\t\t\t\t\t\t<div class=\"elementor-spacer\">\n\t\t\t<div class=\"elementor-spacer-inner\"><\/div>\n\t\t<\/div>\n\t\t\t\t\t\t<\/div>\n\t\t\t\t<\/div>\n\t\t\t\t<\/div>\n\t\t\t\t<\/div>\n\t\t<div class=\"elementor-element elementor-element-d402a73 e-con-full e-flex e-con e-parent\" data-id=\"d402a73\" data-element_type=\"container\" data-settings=\"{&quot;background_background&quot;:&quot;video&quot;}\">\n\t\t<div class=\"elementor-element elementor-element-261884d e-con-full elementor-hidden-tablet_extra elementor-hidden-tablet elementor-hidden-mobile_extra elementor-hidden-mobile e-flex e-con e-child\" data-id=\"261884d\" data-element_type=\"container\" data-settings=\"{&quot;background_background&quot;:&quot;video&quot;}\">\n\t\t<div class=\"elementor-element elementor-element-e4f2f91 e-con-full e-flex e-con e-child\" data-id=\"e4f2f91\" data-element_type=\"container\" data-settings=\"{&quot;background_background&quot;:&quot;video&quot;,&quot;background_play_on_mobile&quot;:&quot;yes&quot;,&quot;background_privacy_mode&quot;:&quot;yes&quot;,&quot;background_video_link&quot;:&quot;\\\/wp-content\\\/uploads\\\/2025\\\/11\\\/desktop9.mp4&quot;}\">\n\t\t<div class=\"elementor-background-video-container\" aria-hidden=\"true\">\n\t\t\t\t\t\t\t<video class=\"elementor-background-video-hosted\" autoplay muted playsinline loop><\/video>\n\t\t\t\t\t<\/div><div class=\"elementor-element elementor-element-85dd028 e-con-full e-flex e-con e-child\" data-id=\"85dd028\" data-element_type=\"container\">\n\t\t\t\t<div class=\"elementor-element elementor-element-308d02a elementor-widget elementor-widget-pp-breadcrumbs\" data-id=\"308d02a\" data-element_type=\"widget\" data-settings=\"{&quot;breadcrumbs_type&quot;:&quot;powerpack&quot;}\" data-widget_type=\"pp-breadcrumbs.default\">\n\t\t\t\t\t<ul class=\"pp-breadcrumbs pp-breadcrumbs-powerpack\">\t\t<li class=\"pp-breadcrumbs-item pp-breadcrumbs-item-home\">\n\t\t\t<a class=\"pp-breadcrumbs-crumb pp-breadcrumbs-crumb-link pp-breadcrumbs-crumb-home\" href=\"https:\/\/abo.ao\/en\/\" title=\"Home\">\n\t\t\t\t<span class=\"pp-breadcrumbs-text\">\n\t\t\t\t\t\t\t\t\t\t\t<span class=\"pp-icon\">\n\t\t\t\t\t\t\t<i aria-hidden=\"true\" class=\"fas fa-home\"><\/i>\t\t\t\t\t\t<\/span>\n\t\t\t\t\t\t\t\t\t\tHome\t\t\t\t<\/span>\n\t\t\t<\/a>\n\t\t<\/li>\n\t\t<li class=\"pp-breadcrumbs-separator\">\t\t\t\t<span class='pp-separator-icon pp-icon'>\n\t\t\t\t\t<i aria-hidden=\"true\" class=\"fas fa-angle-right\"><\/i>\t\t\t\t<\/span>\n\t\t\t\t<\/li><\/ul>\t\t\t\t<\/div>\n\t\t\t\t<div class=\"elementor-element elementor-element-3fde4f1 elementor-widget elementor-widget-wpml-language-switcher\" data-id=\"3fde4f1\" data-element_type=\"widget\" data-widget_type=\"wpml-language-switcher.default\">\n\t\t\t\t<div class=\"elementor-widget-container\">\n\t\t\t\t\t<div class=\"wpml-elementor-ls\">\n<div class=\"wpml-ls-statics-shortcode_actions wpml-ls wpml-ls-legacy-list-horizontal\">\n\t<ul role=\"menu\"><li class=\"wpml-ls-slot-shortcode_actions wpml-ls-item wpml-ls-item-pt-pt wpml-ls-first-item wpml-ls-last-item wpml-ls-item-legacy-list-horizontal\" role=\"none\">\n\t\t\t\t<a href=\"https:\/\/abo.ao\/\" class=\"wpml-ls-link\" role=\"menuitem\"  aria-label=\"Switch to Portuguese\" title=\"Switch to Portuguese\" >\n                                                        <img decoding=\"async\"\n            class=\"wpml-ls-flag\"\n            src=\"https:\/\/abo.ao\/wp-content\/plugins\/sitepress-multilingual-cms\/res\/flags\/pt-pt.svg\"\n            alt=\"Portuguese\"\n            width=40\n            height=40\n    \/><\/a>\n\t\t\t<\/li><\/ul>\n<\/div>\n<\/div>\t\t\t\t<\/div>\n\t\t\t\t<\/div>\n\t\t\t\t<\/div>\n\t\t<div class=\"elementor-element elementor-element-fabcdbe e-con-full e-flex e-con e-child\" data-id=\"fabcdbe\" data-element_type=\"container\">\n\t\t\t\t<div class=\"elementor-element elementor-element-5242b52 elementor-widget elementor-widget-heading\" data-id=\"5242b52\" data-element_type=\"widget\" data-widget_type=\"heading.default\">\n\t\t\t\t\t<h2 class=\"elementor-heading-title elementor-size-default\">News<\/h2>\t\t\t\t<\/div>\n\t\t\t\t<div class=\"elementor-element elementor-element-634af01 elementor-widget elementor-widget-spacer\" data-id=\"634af01\" data-element_type=\"widget\" data-widget_type=\"spacer.default\">\n\t\t\t\t\t\t\t<div class=\"elementor-spacer\">\n\t\t\t<div class=\"elementor-spacer-inner\"><\/div>\n\t\t<\/div>\n\t\t\t\t\t\t<\/div>\n\t\t\t\t<\/div>\n\t\t\t\t<\/div>\n\t\t\t\t<\/div>\n\t\t\t\t<\/div>\n\t\t        <section class=\"elementor-section elementor-top-section elementor-element elementor-element-fb04492 elementor-section-content-middle elementor-section-boxed elementor-section-height-default elementor-section-height-default ct-header-fixed-none ct-row-max-none\" data-id=\"fb04492\" data-element_type=\"section\">\n            \n                        <div class=\"elementor-container elementor-column-gap-extended \">\n                    <div class=\"elementor-column elementor-col-50 elementor-top-column elementor-element elementor-element-7b3c5f0\" data-id=\"7b3c5f0\" data-element_type=\"column\">\n        <div class=\"elementor-widget-wrap elementor-element-populated\">\n                    \n        \t\t<div class=\"elementor-element elementor-element-f1a14f8 elementor-widget elementor-widget-ct_heading\" data-id=\"f1a14f8\" data-element_type=\"widget\" data-widget_type=\"ct_heading.default\">\n\t\t\t\t<div class=\"elementor-widget-container\">\n\t\t\t\t\t<div id=\"ct_heading-f1a14f8\" class=\"ct-heading h-align-left sub-style1 ct-heading-left item-st-default\">\r\n    <div class=\"ct-item--inner\">\r\n        <div class=\"ct-inline-css\" data-css=\"\r\n            \">\r\n        <\/div>\r\n                <h3 class=\"item--title st-default case-animate-time\" data-wow-delay=\"ms\">\r\n                        <span class=\"sp-main\">\r\n                \r\n                Latest News\n\r\n                \r\n                            <\/span>\r\n                    <\/h3>\r\n    <\/div>\r\n<\/div>\t\t\t\t<\/div>\n\t\t\t\t<\/div>\n\t\t            <\/div>\n        <\/div>\n                <div class=\"elementor-column elementor-col-50 elementor-top-column elementor-element elementor-element-f25fa3b\" data-id=\"f25fa3b\" data-element_type=\"column\">\n        <div class=\"elementor-widget-wrap elementor-element-populated\">\n                    \n        \t\t<div class=\"elementor-element elementor-element-a6d957c elementor-widget elementor-widget-text-editor\" data-id=\"a6d957c\" data-element_type=\"widget\" data-widget_type=\"text-editor.default\">\n\t\t\t\t\t\t\t\t\t<p>Stay updated with the latest insights, announcements, and developments from the African Bank of Oman.<br data-start=\"390\" data-end=\"393\" \/>Discover how our initiatives, partnerships, and financial innovations are shaping the future of corporate banking across the GCC and Africa.<\/p>\t\t\t\t\t\t\t\t<\/div>\n\t\t            <\/div>\n        <\/div>\n                    <\/div>\n        <\/section>\n                <section class=\"elementor-section elementor-top-section elementor-element elementor-element-3df308c elementor-section-boxed elementor-section-height-default elementor-section-height-default ct-header-fixed-none ct-row-max-none\" data-id=\"3df308c\" data-element_type=\"section\">\n            \n                        <div class=\"elementor-container elementor-column-gap-extended \">\n                    <div class=\"elementor-column elementor-col-100 elementor-top-column elementor-element elementor-element-95c454c\" data-id=\"95c454c\" data-element_type=\"column\">\n        <div class=\"elementor-widget-wrap elementor-element-populated\">\n                    \n        \t\t<div class=\"elementor-element elementor-element-b97f62b elementor-widget elementor-widget-ct_blog_grid\" data-id=\"b97f62b\" data-element_type=\"widget\" data-widget_type=\"ct_blog_grid.default\">\n\t\t\t\t<div class=\"elementor-widget-container\">\n\t\t\t\t\t\r\n<div id=\"ct_blog_grid-b97f62b\" class=\"ct-grid ct-blog-grid ct-blog-grid-layout1\" data-layout=\"masonry\" data-start-page=\"1\" data-max-pages=\"1\" data-total=\"2\" data-perpage=\"6\" data-next-link=\"\">\r\n    <div class=\"ct-grid-overlay\"><\/div>\r\n    \r\n    <div class=\"ct-grid-inner ct-grid-masonry row animate-time\" data-gutter=\"15\">\r\n                    <div class=\"grid-sizer col-xl-4 col-lg-4 col-md-6 col-sm-6 col-12\"><\/div>\r\n                                <div class=\"grid-item col-xl-4 col-lg-4 col-md-6 col-sm-6 col-12 filter-category-2\">\r\n                    <div class=\"grid-item-inner wow fadeInUp\">\r\n                                                    <div class=\"entry-featured\">\r\n                                <a href=\"https:\/\/abo.ao\/en\/tecnologia-nao-e-disrupcao\/\"><img fetchpriority=\"high\" decoding=\"async\" class=\"disable-lazy no-lazyload \" src=\"https:\/\/abo.ao\/wp-content\/uploads\/2026\/02\/POST_02-copiar-4-600x414.jpg\" width=\"600\" height=\"414\" alt=\"POST_02 copiar\" title=\"POST_02 copiar\" \/><\/a>\r\n                            <\/div>\r\n                                                <div class=\"entry-body\">\r\n                            <div class=\"entry-holder\">\r\n                                                                    <ul class=\"entry-meta\">\r\n                                                                                    <li class=\"item-date\"><i class=\"fac fac-calendar-alt\"><\/i>February 6, 2026<\/li>\r\n                                                                                                                    <\/ul>\r\n                                                                <h3 class=\"entry-title\"><a href=\"https:\/\/abo.ao\/en\/tecnologia-nao-e-disrupcao\/\">Tecnologia n\u00e3o \u00e9 disrup\u00e7\u00e3o.<\/a><\/h3>\r\n                                                                    <div class=\"entry-readmore\">\r\n                                        <a href=\"https:\/\/abo.ao\/en\/tecnologia-nao-e-disrupcao\/\">\r\n                                            Read more                                            <i class=\"fac fac-angle-double-right space-left\"><\/i>\r\n                                        <\/a>\r\n                                    <\/div>\r\n                                                            <\/div>\r\n                        <\/div>\r\n                    <\/div>\r\n                <\/div>\r\n                            <div class=\"grid-item col-xl-4 col-lg-4 col-md-6 col-sm-6 col-12 filter-category-2\">\r\n                    <div class=\"grid-item-inner wow fadeInUp\">\r\n                                                    <div class=\"entry-featured\">\r\n                                <a href=\"https:\/\/abo.ao\/en\/a-new-corporate-bank-for-a-new-era\/\"><img decoding=\"async\" class=\"disable-lazy no-lazyload \" src=\"https:\/\/abo.ao\/wp-content\/uploads\/2019\/11\/A-new-corporate-bank-for-a-new-era-600x414.jpg\" width=\"600\" height=\"414\" alt=\"A new corporate bank for a new era\" title=\"A new corporate bank for a new era\" \/><\/a>\r\n                            <\/div>\r\n                                                <div class=\"entry-body\">\r\n                            <div class=\"entry-holder\">\r\n                                                                    <ul class=\"entry-meta\">\r\n                                                                                    <li class=\"item-date\"><i class=\"fac fac-calendar-alt\"><\/i>November 26, 2025<\/li>\r\n                                                                                                                    <\/ul>\r\n                                                                <h3 class=\"entry-title\"><a href=\"https:\/\/abo.ao\/en\/a-new-corporate-bank-for-a-new-era\/\">A new corporate bank for a new era<\/a><\/h3>\r\n                                                                    <div class=\"entry-readmore\">\r\n                                        <a href=\"https:\/\/abo.ao\/en\/a-new-corporate-bank-for-a-new-era\/\">\r\n                                            Read more                                            <i class=\"fac fac-angle-double-right space-left\"><\/i>\r\n                                        <\/a>\r\n                                    <\/div>\r\n                                                            <\/div>\r\n                        <\/div>\r\n                    <\/div>\r\n                <\/div>\r\n                <\/div>\r\n        <\/div>\t\t\t\t<\/div>\n\t\t\t\t<\/div>\n\t\t            <\/div>\n        <\/div>\n                    <\/div>\n        <\/section>\n        \t\t<\/div>\n\t\t","protected":false},"excerpt":{"rendered":"<p>Home News Home News Latest News Stay updated with the latest insights, announcements, and developments from the African Bank of Oman.Discover how our initiatives, partnerships, and financial innovations are shaping the future of corporate banking across the GCC and Africa. November 5, 2019 Strategy for Norway&#8217;s Peion to Fund Global. Read more November 5, 2019 [&hellip;]<\/p>\n","protected":false},"author":1,"featured_media":0,"parent":0,"menu_order":6,"comment_status":"closed","ping_status":"closed","template":"","meta":{"footnotes":""},"class_list":["post-6540","page","type-page","status-publish","hentry"],"_links":{"self":[{"href":"https:\/\/abo.ao\/en\/wp-json\/wp\/v2\/pages\/6540","targetHints":{"allow":["GET"]}}],"collection":[{"href":"https:\/\/abo.ao\/en\/wp-json\/wp\/v2\/pages"}],"about":[{"href":"https:\/\/abo.ao\/en\/wp-json\/wp\/v2\/types\/page"}],"author":[{"embeddable":true,"href":"https:\/\/abo.ao\/en\/wp-json\/wp\/v2\/users\/1"}],"replies":[{"embeddable":true,"href":"https:\/\/abo.ao\/en\/wp-json\/wp\/v2\/comments?post=6540"}],"version-history":[{"count":20,"href":"https:\/\/abo.ao\/en\/wp-json\/wp\/v2\/pages\/6540\/revisions"}],"predecessor-version":[{"id":8285,"href":"https:\/\/abo.ao\/en\/wp-json\/wp\/v2\/pages\/6540\/revisions\/8285"}],"wp:attachment":[{"href":"https:\/\/abo.ao\/en\/wp-json\/wp\/v2\/media?parent=6540"}],"curies":[{"name":"wp","href":"https:\/\/api.w.org\/{rel}","templated":true}]}}